{"id":875,"date":"2023-02-13T19:32:41","date_gmt":"2023-02-13T18:32:41","guid":{"rendered":"https:\/\/www.parolando.it\/?page_id=875"},"modified":"2026-01-11T15:51:34","modified_gmt":"2026-01-11T14:51:34","slug":"traduceri-si-localizare","status":"publish","type":"page","link":"https:\/\/www.parolando.it\/ro\/traduceri-si-localizare\/","title":{"rendered":"Traduceri \u0219i localizare"},"content":{"rendered":"","protected":false},"excerpt":{"rendered":"","protected":false},"author":1,"featured_media":1462,"parent":0,"menu_order":0,"comment_status":"closed","ping_status":"closed","template":"","meta":{"om_disable_all_campaigns":true,"footnotes":""},"class_list":["post-875","page","type-page","status-publish","has-post-thumbnail","hentry"],"yoast_head":"<!-- This site is optimized with the Yoast SEO plugin v27.5 - https:\/\/yoast.com\/product\/yoast-seo-wordpress\/ -->\n<title>Traduceri \u0219i localizare | www.parolando.it<\/title>\n<meta name=\"description\" content=\"Parolando | Traduceri \u0219i localiz\u0103ri \u00een rom\u00e2n\u0103, moldoveneasc\u0103 - italian\u0103 - englez\u0103 - francez\u0103. Ajut companiile \u0219i profesioni\u0219tii s\u0103 comunice mai bine.\" \/>\n<meta name=\"robots\" content=\"index, follow, max-snippet:-1, max-image-preview:large, max-video-preview:-1\" \/>\n<link rel=\"canonical\" href=\"https:\/\/www.parolando.it\/ro\/traduceri-si-localizare\/\" \/>\n<meta property=\"og:locale\" content=\"ro_RO\" \/>\n<meta property=\"og:type\" content=\"article\" \/>\n<meta property=\"og:title\" content=\"Traduceri \u0219i localizare | www.parolando.it\" \/>\n<meta property=\"og:description\" content=\"Parolando | Traduceri \u0219i localiz\u0103ri \u00een rom\u00e2n\u0103, moldoveneasc\u0103 - italian\u0103 - englez\u0103 - francez\u0103. Ajut companiile \u0219i profesioni\u0219tii s\u0103 comunice mai bine.\" \/>\n<meta property=\"og:url\" content=\"https:\/\/www.parolando.it\/ro\/traduceri-si-localizare\/\" \/>\n<meta property=\"og:site_name\" content=\"www.parolando.it\" \/>\n<meta property=\"article:modified_time\" content=\"2026-01-11T14:51:34+00:00\" \/>\n<meta property=\"og:image\" content=\"https:\/\/www.parolando.it\/wp-content\/uploads\/2025\/01\/Parolando_1200x675_immagine-sito.jpg\" \/>\n\t<meta property=\"og:image:width\" content=\"1200\" \/>\n\t<meta property=\"og:image:height\" content=\"675\" \/>\n\t<meta property=\"og:image:type\" content=\"image\/jpeg\" \/>\n<meta name=\"twitter:card\" content=\"summary_large_image\" \/>\n<meta name=\"twitter:label1\" content=\"Timp estimat pentru citire\" \/>\n\t<meta name=\"twitter:data1\" content=\"1 minut\" \/>\n<script type=\"application\/ld+json\" class=\"yoast-schema-graph\">{\"@context\":\"https:\\\/\\\/schema.org\",\"@graph\":[{\"@type\":\"WebPage\",\"@id\":\"https:\\\/\\\/www.parolando.it\\\/ro\\\/traduceri-si-localizare\\\/\",\"url\":\"https:\\\/\\\/www.parolando.it\\\/ro\\\/traduceri-si-localizare\\\/\",\"name\":\"Traduceri \u0219i localizare | www.parolando.it\",\"isPartOf\":{\"@id\":\"https:\\\/\\\/www.parolando.it\\\/ro\\\/#website\"},\"primaryImageOfPage\":{\"@id\":\"https:\\\/\\\/www.parolando.it\\\/ro\\\/traduceri-si-localizare\\\/#primaryimage\"},\"image\":{\"@id\":\"https:\\\/\\\/www.parolando.it\\\/ro\\\/traduceri-si-localizare\\\/#primaryimage\"},\"thumbnailUrl\":\"https:\\\/\\\/www.parolando.it\\\/wp-content\\\/uploads\\\/2025\\\/01\\\/Parolando_1200x675_immagine-sito.jpg\",\"datePublished\":\"2023-02-13T18:32:41+00:00\",\"dateModified\":\"2026-01-11T14:51:34+00:00\",\"description\":\"Parolando | Traduceri \u0219i localiz\u0103ri \u00een rom\u00e2n\u0103, moldoveneasc\u0103 - italian\u0103 - englez\u0103 - francez\u0103. Ajut companiile \u0219i profesioni\u0219tii s\u0103 comunice mai bine.\",\"breadcrumb\":{\"@id\":\"https:\\\/\\\/www.parolando.it\\\/ro\\\/traduceri-si-localizare\\\/#breadcrumb\"},\"inLanguage\":\"ro-RO\",\"potentialAction\":[{\"@type\":\"ReadAction\",\"target\":[\"https:\\\/\\\/www.parolando.it\\\/ro\\\/traduceri-si-localizare\\\/\"]}]},{\"@type\":\"ImageObject\",\"inLanguage\":\"ro-RO\",\"@id\":\"https:\\\/\\\/www.parolando.it\\\/ro\\\/traduceri-si-localizare\\\/#primaryimage\",\"url\":\"https:\\\/\\\/www.parolando.it\\\/wp-content\\\/uploads\\\/2025\\\/01\\\/Parolando_1200x675_immagine-sito.jpg\",\"contentUrl\":\"https:\\\/\\\/www.parolando.it\\\/wp-content\\\/uploads\\\/2025\\\/01\\\/Parolando_1200x675_immagine-sito.jpg\",\"width\":1200,\"height\":675,\"caption\":\"Parolando | Traduttore freelance senior | Specializzato in localizzazione, transcreazione, sottotitolazione, editoriale, letterario e audiovisivo\"},{\"@type\":\"BreadcrumbList\",\"@id\":\"https:\\\/\\\/www.parolando.it\\\/ro\\\/traduceri-si-localizare\\\/#breadcrumb\",\"itemListElement\":[{\"@type\":\"ListItem\",\"position\":1,\"name\":\"Home\",\"item\":\"https:\\\/\\\/www.parolando.it\\\/ro\\\/\"},{\"@type\":\"ListItem\",\"position\":2,\"name\":\"Traduceri \u0219i localizare\"}]},{\"@type\":\"WebSite\",\"@id\":\"https:\\\/\\\/www.parolando.it\\\/ro\\\/#website\",\"url\":\"https:\\\/\\\/www.parolando.it\\\/ro\\\/\",\"name\":\"www.parolando.it\",\"description\":\"Parolando | Traduttore freelance senior | Specializzato in localizzazione, transcreazione, sottotitolazione, editoriale, letterario e audiovisivo\",\"publisher\":{\"@id\":\"https:\\\/\\\/www.parolando.it\\\/ro\\\/#organization\"},\"potentialAction\":[{\"@type\":\"SearchAction\",\"target\":{\"@type\":\"EntryPoint\",\"urlTemplate\":\"https:\\\/\\\/www.parolando.it\\\/ro\\\/?s={search_term_string}\"},\"query-input\":{\"@type\":\"PropertyValueSpecification\",\"valueRequired\":true,\"valueName\":\"search_term_string\"}}],\"inLanguage\":\"ro-RO\"},{\"@type\":\"Organization\",\"@id\":\"https:\\\/\\\/www.parolando.it\\\/ro\\\/#organization\",\"name\":\"www.parolando.it\",\"url\":\"https:\\\/\\\/www.parolando.it\\\/ro\\\/\",\"logo\":{\"@type\":\"ImageObject\",\"inLanguage\":\"ro-RO\",\"@id\":\"https:\\\/\\\/www.parolando.it\\\/ro\\\/#\\\/schema\\\/logo\\\/image\\\/\",\"url\":\"https:\\\/\\\/www.parolando.it\\\/wp-content\\\/uploads\\\/2023\\\/02\\\/cropped-parolando-logo-512.png\",\"contentUrl\":\"https:\\\/\\\/www.parolando.it\\\/wp-content\\\/uploads\\\/2023\\\/02\\\/cropped-parolando-logo-512.png\",\"width\":512,\"height\":512,\"caption\":\"www.parolando.it\"},\"image\":{\"@id\":\"https:\\\/\\\/www.parolando.it\\\/ro\\\/#\\\/schema\\\/logo\\\/image\\\/\"}}]}<\/script>\n<!-- \/ Yoast SEO plugin. -->","yoast_head_json":{"title":"Traduceri \u0219i localizare | www.parolando.it","description":"Parolando | Traduceri \u0219i localiz\u0103ri \u00een rom\u00e2n\u0103, moldoveneasc\u0103 - italian\u0103 - englez\u0103 - francez\u0103. Ajut companiile \u0219i profesioni\u0219tii s\u0103 comunice mai bine.","robots":{"index":"index","follow":"follow","max-snippet":"max-snippet:-1","max-image-preview":"max-image-preview:large","max-video-preview":"max-video-preview:-1"},"canonical":"https:\/\/www.parolando.it\/ro\/traduceri-si-localizare\/","og_locale":"ro_RO","og_type":"article","og_title":"Traduceri \u0219i localizare | www.parolando.it","og_description":"Parolando | Traduceri \u0219i localiz\u0103ri \u00een rom\u00e2n\u0103, moldoveneasc\u0103 - italian\u0103 - englez\u0103 - francez\u0103. Ajut companiile \u0219i profesioni\u0219tii s\u0103 comunice mai bine.","og_url":"https:\/\/www.parolando.it\/ro\/traduceri-si-localizare\/","og_site_name":"www.parolando.it","article_modified_time":"2026-01-11T14:51:34+00:00","og_image":[{"width":1200,"height":675,"url":"https:\/\/www.parolando.it\/wp-content\/uploads\/2025\/01\/Parolando_1200x675_immagine-sito.jpg","type":"image\/jpeg"}],"twitter_card":"summary_large_image","twitter_misc":{"Timp estimat pentru citire":"1 minut"},"schema":{"@context":"https:\/\/schema.org","@graph":[{"@type":"WebPage","@id":"https:\/\/www.parolando.it\/ro\/traduceri-si-localizare\/","url":"https:\/\/www.parolando.it\/ro\/traduceri-si-localizare\/","name":"Traduceri \u0219i localizare | www.parolando.it","isPartOf":{"@id":"https:\/\/www.parolando.it\/ro\/#website"},"primaryImageOfPage":{"@id":"https:\/\/www.parolando.it\/ro\/traduceri-si-localizare\/#primaryimage"},"image":{"@id":"https:\/\/www.parolando.it\/ro\/traduceri-si-localizare\/#primaryimage"},"thumbnailUrl":"https:\/\/www.parolando.it\/wp-content\/uploads\/2025\/01\/Parolando_1200x675_immagine-sito.jpg","datePublished":"2023-02-13T18:32:41+00:00","dateModified":"2026-01-11T14:51:34+00:00","description":"Parolando | Traduceri \u0219i localiz\u0103ri \u00een rom\u00e2n\u0103, moldoveneasc\u0103 - italian\u0103 - englez\u0103 - francez\u0103. Ajut companiile \u0219i profesioni\u0219tii s\u0103 comunice mai bine.","breadcrumb":{"@id":"https:\/\/www.parolando.it\/ro\/traduceri-si-localizare\/#breadcrumb"},"inLanguage":"ro-RO","potentialAction":[{"@type":"ReadAction","target":["https:\/\/www.parolando.it\/ro\/traduceri-si-localizare\/"]}]},{"@type":"ImageObject","inLanguage":"ro-RO","@id":"https:\/\/www.parolando.it\/ro\/traduceri-si-localizare\/#primaryimage","url":"https:\/\/www.parolando.it\/wp-content\/uploads\/2025\/01\/Parolando_1200x675_immagine-sito.jpg","contentUrl":"https:\/\/www.parolando.it\/wp-content\/uploads\/2025\/01\/Parolando_1200x675_immagine-sito.jpg","width":1200,"height":675,"caption":"Parolando | Traduttore freelance senior | Specializzato in localizzazione, transcreazione, sottotitolazione, editoriale, letterario e audiovisivo"},{"@type":"BreadcrumbList","@id":"https:\/\/www.parolando.it\/ro\/traduceri-si-localizare\/#breadcrumb","itemListElement":[{"@type":"ListItem","position":1,"name":"Home","item":"https:\/\/www.parolando.it\/ro\/"},{"@type":"ListItem","position":2,"name":"Traduceri \u0219i localizare"}]},{"@type":"WebSite","@id":"https:\/\/www.parolando.it\/ro\/#website","url":"https:\/\/www.parolando.it\/ro\/","name":"www.parolando.it","description":"Parolando | Traduttore freelance senior | Specializzato in localizzazione, transcreazione, sottotitolazione, editoriale, letterario e audiovisivo","publisher":{"@id":"https:\/\/www.parolando.it\/ro\/#organization"},"potentialAction":[{"@type":"SearchAction","target":{"@type":"EntryPoint","urlTemplate":"https:\/\/www.parolando.it\/ro\/?s={search_term_string}"},"query-input":{"@type":"PropertyValueSpecification","valueRequired":true,"valueName":"search_term_string"}}],"inLanguage":"ro-RO"},{"@type":"Organization","@id":"https:\/\/www.parolando.it\/ro\/#organization","name":"www.parolando.it","url":"https:\/\/www.parolando.it\/ro\/","logo":{"@type":"ImageObject","inLanguage":"ro-RO","@id":"https:\/\/www.parolando.it\/ro\/#\/schema\/logo\/image\/","url":"https:\/\/www.parolando.it\/wp-content\/uploads\/2023\/02\/cropped-parolando-logo-512.png","contentUrl":"https:\/\/www.parolando.it\/wp-content\/uploads\/2023\/02\/cropped-parolando-logo-512.png","width":512,"height":512,"caption":"www.parolando.it"},"image":{"@id":"https:\/\/www.parolando.it\/ro\/#\/schema\/logo\/image\/"}}]}},"_links":{"self":[{"href":"https:\/\/www.parolando.it\/ro\/wp-json\/wp\/v2\/pages\/875","targetHints":{"allow":["GET"]}}],"collection":[{"href":"https:\/\/www.parolando.it\/ro\/wp-json\/wp\/v2\/pages"}],"about":[{"href":"https:\/\/www.parolando.it\/ro\/wp-json\/wp\/v2\/types\/page"}],"author":[{"embeddable":true,"href":"https:\/\/www.parolando.it\/ro\/wp-json\/wp\/v2\/users\/1"}],"replies":[{"embeddable":true,"href":"https:\/\/www.parolando.it\/ro\/wp-json\/wp\/v2\/comments?post=875"}],"version-history":[{"count":4,"href":"https:\/\/www.parolando.it\/ro\/wp-json\/wp\/v2\/pages\/875\/revisions"}],"predecessor-version":[{"id":1798,"href":"https:\/\/www.parolando.it\/ro\/wp-json\/wp\/v2\/pages\/875\/revisions\/1798"}],"wp:featuredmedia":[{"embeddable":true,"href":"https:\/\/www.parolando.it\/ro\/wp-json\/wp\/v2\/media\/1462"}],"wp:attachment":[{"href":"https:\/\/www.parolando.it\/ro\/wp-json\/wp\/v2\/media?parent=875"}],"curies":[{"name":"wp","href":"https:\/\/api.w.org\/{rel}","templated":true}]}}