{"id":863,"date":"2023-02-15T22:24:49","date_gmt":"2023-02-15T21:24:49","guid":{"rendered":"https:\/\/www.parolando.it\/?page_id=863"},"modified":"2025-05-30T18:25:12","modified_gmt":"2025-05-30T16:25:12","slug":"marketing-si-comunicare","status":"publish","type":"page","link":"https:\/\/www.parolando.it\/ro\/marketing-si-comunicare\/","title":{"rendered":"Marketing \u0219i comunicare"},"content":{"rendered":"","protected":false},"excerpt":{"rendered":"","protected":false},"author":1,"featured_media":278,"parent":0,"menu_order":0,"comment_status":"closed","ping_status":"closed","template":"","meta":{"om_disable_all_campaigns":false,"footnotes":""},"class_list":["post-863","page","type-page","status-publish","has-post-thumbnail","hentry"],"yoast_head":"<!-- This site is optimized with the Yoast SEO plugin v27.5 - https:\/\/yoast.com\/product\/yoast-seo-wordpress\/ -->\n<title>Marketing \u0219i comunicare | www.parolando.it<\/title>\n<meta name=\"description\" content=\"Parolando | Sunt consultant \u00een marketing strategic \u0219i comunicare. Ajut companiile \u0219i profesioni\u0219tii s\u0103 comunice cu succes at\u00e2t offline, c\u00e2t \u0219i online.\" \/>\n<meta name=\"robots\" content=\"index, follow, max-snippet:-1, max-image-preview:large, max-video-preview:-1\" \/>\n<link rel=\"canonical\" href=\"https:\/\/www.parolando.it\/ro\/marketing-si-comunicare\/\" \/>\n<meta property=\"og:locale\" content=\"ro_RO\" \/>\n<meta property=\"og:type\" content=\"article\" \/>\n<meta property=\"og:title\" content=\"Marketing \u0219i comunicare | www.parolando.it\" \/>\n<meta property=\"og:description\" content=\"Parolando | Sunt consultant \u00een marketing strategic \u0219i comunicare. Ajut companiile \u0219i profesioni\u0219tii s\u0103 comunice cu succes at\u00e2t offline, c\u00e2t \u0219i online.\" \/>\n<meta property=\"og:url\" content=\"https:\/\/www.parolando.it\/ro\/marketing-si-comunicare\/\" \/>\n<meta property=\"og:site_name\" content=\"www.parolando.it\" \/>\n<meta property=\"article:modified_time\" content=\"2025-05-30T16:25:12+00:00\" \/>\n<meta property=\"og:image\" content=\"https:\/\/www.parolando.it\/wp-content\/uploads\/2023\/01\/marketing_gold-silver_780x760-3.png\" \/>\n\t<meta property=\"og:image:width\" content=\"780\" \/>\n\t<meta property=\"og:image:height\" content=\"760\" \/>\n\t<meta property=\"og:image:type\" content=\"image\/png\" \/>\n<meta name=\"twitter:card\" content=\"summary_large_image\" \/>\n<meta name=\"twitter:label1\" content=\"Timp estimat pentru citire\" \/>\n\t<meta name=\"twitter:data1\" content=\"1 minut\" \/>\n<script type=\"application\/ld+json\" class=\"yoast-schema-graph\">{\"@context\":\"https:\\\/\\\/schema.org\",\"@graph\":[{\"@type\":\"WebPage\",\"@id\":\"https:\\\/\\\/www.parolando.it\\\/ro\\\/marketing-si-comunicare\\\/\",\"url\":\"https:\\\/\\\/www.parolando.it\\\/ro\\\/marketing-si-comunicare\\\/\",\"name\":\"Marketing \u0219i comunicare | www.parolando.it\",\"isPartOf\":{\"@id\":\"https:\\\/\\\/www.parolando.it\\\/ro\\\/#website\"},\"primaryImageOfPage\":{\"@id\":\"https:\\\/\\\/www.parolando.it\\\/ro\\\/marketing-si-comunicare\\\/#primaryimage\"},\"image\":{\"@id\":\"https:\\\/\\\/www.parolando.it\\\/ro\\\/marketing-si-comunicare\\\/#primaryimage\"},\"thumbnailUrl\":\"https:\\\/\\\/www.parolando.it\\\/wp-content\\\/uploads\\\/2023\\\/01\\\/marketing_gold-silver_780x760-3.png\",\"datePublished\":\"2023-02-15T21:24:49+00:00\",\"dateModified\":\"2025-05-30T16:25:12+00:00\",\"description\":\"Parolando | Sunt consultant \u00een marketing strategic \u0219i comunicare. Ajut companiile \u0219i profesioni\u0219tii s\u0103 comunice cu succes at\u00e2t offline, c\u00e2t \u0219i online.\",\"breadcrumb\":{\"@id\":\"https:\\\/\\\/www.parolando.it\\\/ro\\\/marketing-si-comunicare\\\/#breadcrumb\"},\"inLanguage\":\"ro-RO\",\"potentialAction\":[{\"@type\":\"ReadAction\",\"target\":[\"https:\\\/\\\/www.parolando.it\\\/ro\\\/marketing-si-comunicare\\\/\"]}]},{\"@type\":\"ImageObject\",\"inLanguage\":\"ro-RO\",\"@id\":\"https:\\\/\\\/www.parolando.it\\\/ro\\\/marketing-si-comunicare\\\/#primaryimage\",\"url\":\"https:\\\/\\\/www.parolando.it\\\/wp-content\\\/uploads\\\/2023\\\/01\\\/marketing_gold-silver_780x760-3.png\",\"contentUrl\":\"https:\\\/\\\/www.parolando.it\\\/wp-content\\\/uploads\\\/2023\\\/01\\\/marketing_gold-silver_780x760-3.png\",\"width\":780,\"height\":760,\"caption\":\"Parolando Marketing\"},{\"@type\":\"BreadcrumbList\",\"@id\":\"https:\\\/\\\/www.parolando.it\\\/ro\\\/marketing-si-comunicare\\\/#breadcrumb\",\"itemListElement\":[{\"@type\":\"ListItem\",\"position\":1,\"name\":\"Home\",\"item\":\"https:\\\/\\\/www.parolando.it\\\/ro\\\/\"},{\"@type\":\"ListItem\",\"position\":2,\"name\":\"Marketing \u0219i comunicare\"}]},{\"@type\":\"WebSite\",\"@id\":\"https:\\\/\\\/www.parolando.it\\\/ro\\\/#website\",\"url\":\"https:\\\/\\\/www.parolando.it\\\/ro\\\/\",\"name\":\"www.parolando.it\",\"description\":\"Parolando | Traduttore freelance senior | Specializzato in localizzazione, transcreazione, sottotitolazione, editoriale, letterario e audiovisivo\",\"publisher\":{\"@id\":\"https:\\\/\\\/www.parolando.it\\\/ro\\\/#organization\"},\"potentialAction\":[{\"@type\":\"SearchAction\",\"target\":{\"@type\":\"EntryPoint\",\"urlTemplate\":\"https:\\\/\\\/www.parolando.it\\\/ro\\\/?s={search_term_string}\"},\"query-input\":{\"@type\":\"PropertyValueSpecification\",\"valueRequired\":true,\"valueName\":\"search_term_string\"}}],\"inLanguage\":\"ro-RO\"},{\"@type\":\"Organization\",\"@id\":\"https:\\\/\\\/www.parolando.it\\\/ro\\\/#organization\",\"name\":\"www.parolando.it\",\"url\":\"https:\\\/\\\/www.parolando.it\\\/ro\\\/\",\"logo\":{\"@type\":\"ImageObject\",\"inLanguage\":\"ro-RO\",\"@id\":\"https:\\\/\\\/www.parolando.it\\\/ro\\\/#\\\/schema\\\/logo\\\/image\\\/\",\"url\":\"https:\\\/\\\/www.parolando.it\\\/wp-content\\\/uploads\\\/2023\\\/02\\\/cropped-parolando-logo-512.png\",\"contentUrl\":\"https:\\\/\\\/www.parolando.it\\\/wp-content\\\/uploads\\\/2023\\\/02\\\/cropped-parolando-logo-512.png\",\"width\":512,\"height\":512,\"caption\":\"www.parolando.it\"},\"image\":{\"@id\":\"https:\\\/\\\/www.parolando.it\\\/ro\\\/#\\\/schema\\\/logo\\\/image\\\/\"}}]}<\/script>\n<!-- \/ Yoast SEO plugin. -->","yoast_head_json":{"title":"Marketing \u0219i comunicare | www.parolando.it","description":"Parolando | Sunt consultant \u00een marketing strategic \u0219i comunicare. Ajut companiile \u0219i profesioni\u0219tii s\u0103 comunice cu succes at\u00e2t offline, c\u00e2t \u0219i online.","robots":{"index":"index","follow":"follow","max-snippet":"max-snippet:-1","max-image-preview":"max-image-preview:large","max-video-preview":"max-video-preview:-1"},"canonical":"https:\/\/www.parolando.it\/ro\/marketing-si-comunicare\/","og_locale":"ro_RO","og_type":"article","og_title":"Marketing \u0219i comunicare | www.parolando.it","og_description":"Parolando | Sunt consultant \u00een marketing strategic \u0219i comunicare. Ajut companiile \u0219i profesioni\u0219tii s\u0103 comunice cu succes at\u00e2t offline, c\u00e2t \u0219i online.","og_url":"https:\/\/www.parolando.it\/ro\/marketing-si-comunicare\/","og_site_name":"www.parolando.it","article_modified_time":"2025-05-30T16:25:12+00:00","og_image":[{"width":780,"height":760,"url":"https:\/\/www.parolando.it\/wp-content\/uploads\/2023\/01\/marketing_gold-silver_780x760-3.png","type":"image\/png"}],"twitter_card":"summary_large_image","twitter_misc":{"Timp estimat pentru citire":"1 minut"},"schema":{"@context":"https:\/\/schema.org","@graph":[{"@type":"WebPage","@id":"https:\/\/www.parolando.it\/ro\/marketing-si-comunicare\/","url":"https:\/\/www.parolando.it\/ro\/marketing-si-comunicare\/","name":"Marketing \u0219i comunicare | www.parolando.it","isPartOf":{"@id":"https:\/\/www.parolando.it\/ro\/#website"},"primaryImageOfPage":{"@id":"https:\/\/www.parolando.it\/ro\/marketing-si-comunicare\/#primaryimage"},"image":{"@id":"https:\/\/www.parolando.it\/ro\/marketing-si-comunicare\/#primaryimage"},"thumbnailUrl":"https:\/\/www.parolando.it\/wp-content\/uploads\/2023\/01\/marketing_gold-silver_780x760-3.png","datePublished":"2023-02-15T21:24:49+00:00","dateModified":"2025-05-30T16:25:12+00:00","description":"Parolando | Sunt consultant \u00een marketing strategic \u0219i comunicare. Ajut companiile \u0219i profesioni\u0219tii s\u0103 comunice cu succes at\u00e2t offline, c\u00e2t \u0219i online.","breadcrumb":{"@id":"https:\/\/www.parolando.it\/ro\/marketing-si-comunicare\/#breadcrumb"},"inLanguage":"ro-RO","potentialAction":[{"@type":"ReadAction","target":["https:\/\/www.parolando.it\/ro\/marketing-si-comunicare\/"]}]},{"@type":"ImageObject","inLanguage":"ro-RO","@id":"https:\/\/www.parolando.it\/ro\/marketing-si-comunicare\/#primaryimage","url":"https:\/\/www.parolando.it\/wp-content\/uploads\/2023\/01\/marketing_gold-silver_780x760-3.png","contentUrl":"https:\/\/www.parolando.it\/wp-content\/uploads\/2023\/01\/marketing_gold-silver_780x760-3.png","width":780,"height":760,"caption":"Parolando Marketing"},{"@type":"BreadcrumbList","@id":"https:\/\/www.parolando.it\/ro\/marketing-si-comunicare\/#breadcrumb","itemListElement":[{"@type":"ListItem","position":1,"name":"Home","item":"https:\/\/www.parolando.it\/ro\/"},{"@type":"ListItem","position":2,"name":"Marketing \u0219i comunicare"}]},{"@type":"WebSite","@id":"https:\/\/www.parolando.it\/ro\/#website","url":"https:\/\/www.parolando.it\/ro\/","name":"www.parolando.it","description":"Parolando | Traduttore freelance senior | Specializzato in localizzazione, transcreazione, sottotitolazione, editoriale, letterario e audiovisivo","publisher":{"@id":"https:\/\/www.parolando.it\/ro\/#organization"},"potentialAction":[{"@type":"SearchAction","target":{"@type":"EntryPoint","urlTemplate":"https:\/\/www.parolando.it\/ro\/?s={search_term_string}"},"query-input":{"@type":"PropertyValueSpecification","valueRequired":true,"valueName":"search_term_string"}}],"inLanguage":"ro-RO"},{"@type":"Organization","@id":"https:\/\/www.parolando.it\/ro\/#organization","name":"www.parolando.it","url":"https:\/\/www.parolando.it\/ro\/","logo":{"@type":"ImageObject","inLanguage":"ro-RO","@id":"https:\/\/www.parolando.it\/ro\/#\/schema\/logo\/image\/","url":"https:\/\/www.parolando.it\/wp-content\/uploads\/2023\/02\/cropped-parolando-logo-512.png","contentUrl":"https:\/\/www.parolando.it\/wp-content\/uploads\/2023\/02\/cropped-parolando-logo-512.png","width":512,"height":512,"caption":"www.parolando.it"},"image":{"@id":"https:\/\/www.parolando.it\/ro\/#\/schema\/logo\/image\/"}}]}},"_links":{"self":[{"href":"https:\/\/www.parolando.it\/ro\/wp-json\/wp\/v2\/pages\/863","targetHints":{"allow":["GET"]}}],"collection":[{"href":"https:\/\/www.parolando.it\/ro\/wp-json\/wp\/v2\/pages"}],"about":[{"href":"https:\/\/www.parolando.it\/ro\/wp-json\/wp\/v2\/types\/page"}],"author":[{"embeddable":true,"href":"https:\/\/www.parolando.it\/ro\/wp-json\/wp\/v2\/users\/1"}],"replies":[{"embeddable":true,"href":"https:\/\/www.parolando.it\/ro\/wp-json\/wp\/v2\/comments?post=863"}],"version-history":[{"count":1,"href":"https:\/\/www.parolando.it\/ro\/wp-json\/wp\/v2\/pages\/863\/revisions"}],"predecessor-version":[{"id":864,"href":"https:\/\/www.parolando.it\/ro\/wp-json\/wp\/v2\/pages\/863\/revisions\/864"}],"wp:featuredmedia":[{"embeddable":true,"href":"https:\/\/www.parolando.it\/ro\/wp-json\/wp\/v2\/media\/278"}],"wp:attachment":[{"href":"https:\/\/www.parolando.it\/ro\/wp-json\/wp\/v2\/media?parent=863"}],"curies":[{"name":"wp","href":"https:\/\/api.w.org\/{rel}","templated":true}]}}